{"id":6102,"date":"2024-03-12T10:22:11","date_gmt":"2024-03-12T09:22:11","guid":{"rendered":"https:\/\/eaglevalais.ch\/shop\/"},"modified":"2025-06-25T14:27:28","modified_gmt":"2025-06-25T12:27:28","slug":"shop","status":"publish","type":"page","link":"https:\/\/eaglevalais.ch\/de\/shop\/","title":{"rendered":"Shop"},"content":{"rendered":"\t\t<div data-elementor-type=\"wp-page\" data-elementor-id=\"6102\" class=\"elementor elementor-6102 elementor-1728\">\n\t\t\t\t<div class=\"elementor-element elementor-element-63c0ddf1 e-con-full e-flex e-con e-parent\" data-id=\"63c0ddf1\" data-element_type=\"container\" data-e-type=\"container\">\n\t\t<div class=\"elementor-element elementor-element-117a9958 e-con-full e-flex e-con e-child\" data-id=\"117a9958\" data-element_type=\"container\" data-e-type=\"container\" data-settings=\"{&quot;background_background&quot;:&quot;slideshow&quot;,&quot;background_slideshow_gallery&quot;:[{&quot;id&quot;:2263,&quot;url&quot;:&quot;https:\\\/\\\/new.eaglevalais.ch\\\/wp-content\\\/uploads\\\/2024\\\/03\\\/boutique.webp&quot;}],&quot;background_slideshow_slide_duration&quot;:5000,&quot;background_slideshow_slide_transition&quot;:&quot;fade&quot;,&quot;background_slideshow_transition_duration&quot;:500}\">\n\t\t\t\t<div class=\"elementor-element elementor-element-75161e9a elementor-widget elementor-widget-spacer\" data-id=\"75161e9a\" data-element_type=\"widget\" data-e-type=\"widget\" data-widget_type=\"spacer.default\">\n\t\t\t\t<div class=\"elementor-widget-container\">\n\t\t\t\t\t\t\t<div class=\"elementor-spacer\">\n\t\t\t<div class=\"elementor-spacer-inner\"><\/div>\n\t\t<\/div>\n\t\t\t\t\t\t<\/div>\n\t\t\t\t<\/div>\n\t\t\t\t<div class=\"elementor-element elementor-element-5a3dcc65 elementor-widget__width-auto elementor-invisible elementor-widget elementor-widget-heading\" data-id=\"5a3dcc65\" data-element_type=\"widget\" data-e-type=\"widget\" data-settings=\"{&quot;_animation&quot;:&quot;fadeIn&quot;}\" data-widget_type=\"heading.default\">\n\t\t\t\t<div class=\"elementor-widget-container\">\n\t\t\t\t\t<h1 class=\"elementor-heading-title elementor-size-default\">Shop<\/h1>\t\t\t\t<\/div>\n\t\t\t\t<\/div>\n\t\t\t\t<\/div>\n\t\t<div class=\"elementor-element elementor-element-27838e5 e-flex e-con-boxed e-con e-child\" data-id=\"27838e5\" data-element_type=\"container\" data-e-type=\"container\">\n\t\t\t\t\t<div class=\"e-con-inner\">\n\t\t\t\t<div class=\"elementor-element elementor-element-08cf3e7 elementor-widget elementor-widget-heading\" data-id=\"08cf3e7\" data-element_type=\"widget\" data-e-type=\"widget\" data-widget_type=\"heading.default\">\n\t\t\t\t<div class=\"elementor-widget-container\">\n\t\t\t\t\t<h2 class=\"elementor-heading-title elementor-size-default\">Unsere Goodies<\/h2>\t\t\t\t<\/div>\n\t\t\t\t<\/div>\n\t\t\t\t<div class=\"elementor-element elementor-element-a9c4210 elementor-widget-divider--view-line elementor-widget elementor-widget-divider\" data-id=\"a9c4210\" data-element_type=\"widget\" data-e-type=\"widget\" data-widget_type=\"divider.default\">\n\t\t\t\t<div class=\"elementor-widget-container\">\n\t\t\t\t\t\t\t<div class=\"elementor-divider\">\n\t\t\t<span class=\"elementor-divider-separator\">\n\t\t\t\t\t\t<\/span>\n\t\t<\/div>\n\t\t\t\t\t\t<\/div>\n\t\t\t\t<\/div>\n\t\t\t\t\t<\/div>\n\t\t\t\t<\/div>\n\t\t\t\t<\/div>\n\t\t<div class=\"elementor-element elementor-element-7cc8a9a e-flex e-con-boxed e-con e-parent\" data-id=\"7cc8a9a\" data-element_type=\"container\" data-e-type=\"container\">\n\t\t\t\t\t<div class=\"e-con-inner\">\n\t\t\t\t<div class=\"elementor-element elementor-element-9023283 elementor-widget elementor-widget-eael-filterable-gallery\" data-id=\"9023283\" data-element_type=\"widget\" data-e-type=\"widget\" data-settings=\"{&quot;photo_gallery&quot;:&quot;yes&quot;}\" data-widget_type=\"eael-filterable-gallery.default\">\n\t\t\t\t<div class=\"elementor-widget-container\">\n\t\t\t\t\t<style id=\"eael-fg-inline-css-9023283\">@media only screen and (max-width: 2399px) {\n\t\t\t\t\t.elementor-element.elementor-element-9023283 .eael-filterable-gallery-item-wrap {\n\t\t\t\t\t        width: 33.333333333333%;\n\t\t\t\t\t    }\n\t\t\t\t\t}@media only screen and (max-width: 1024px) {\n\t\t\t\t\t.elementor-element.elementor-element-9023283  .eael-filterable-gallery-item-wrap {\n\t\t\t\t\t        width: 50%;\n\t\t\t\t\t    }\n\t\t\t\t\t}@media only screen and (max-width: 767px) {\n\t\t\t\t\t.elementor-element.elementor-element-9023283  .eael-filterable-gallery-item-wrap {\n\t\t\t\t\t        width: 100%;\n\t\t\t\t\t    }\n\t\t\t\t\t}<\/style>        <div id=\"eael-filter-gallery-wrapper-9023283\" class=\"eael-filter-gallery-wrapper\" data-layout-mode=\"card\" data-breakpoints=\"{&quot;mobile&quot;:{&quot;label&quot;:&quot;Mobil Hochformat&quot;,&quot;value&quot;:767,&quot;default_value&quot;:767,&quot;direction&quot;:&quot;max&quot;,&quot;is_enabled&quot;:true},&quot;mobile_extra&quot;:{&quot;label&quot;:&quot;Mobil Querformat&quot;,&quot;value&quot;:880,&quot;default_value&quot;:880,&quot;direction&quot;:&quot;max&quot;,&quot;is_enabled&quot;:false},&quot;tablet&quot;:{&quot;label&quot;:&quot;Tablet Hochformat&quot;,&quot;value&quot;:1024,&quot;default_value&quot;:1024,&quot;direction&quot;:&quot;max&quot;,&quot;is_enabled&quot;:true},&quot;tablet_extra&quot;:{&quot;label&quot;:&quot;Tablet Querformat&quot;,&quot;value&quot;:1200,&quot;default_value&quot;:1200,&quot;direction&quot;:&quot;max&quot;,&quot;is_enabled&quot;:false},&quot;laptop&quot;:{&quot;label&quot;:&quot;Laptop&quot;,&quot;value&quot;:1366,&quot;default_value&quot;:1366,&quot;direction&quot;:&quot;max&quot;,&quot;is_enabled&quot;:false},&quot;widescreen&quot;:{&quot;label&quot;:&quot;Breitbild&quot;,&quot;value&quot;:2400,&quot;default_value&quot;:2400,&quot;direction&quot;:&quot;min&quot;,&quot;is_enabled&quot;:false}}\" data-default_control_key=\"0\" data-custom_default_control=\"1\">\n                        <div class=\"eael-filter-gallery-control\">\n                <ul><li  data-load-more-status=\"0\" data-first-init=\"0\"\n                        class=\"control active\" data-filter=\".eael-cf-m\u00fctze\">M\u00fctze<\/li><li  data-load-more-status=\"0\" data-first-init=\"0\"\n                        class=\"control \" data-filter=\".eael-cf-t-shirt\">T-Shirt<\/li><li  data-load-more-status=\"0\" data-first-init=\"0\"\n                        class=\"control \" data-filter=\".eael-cf-aufkleber\">Aufkleber<\/li><li  data-load-more-status=\"0\" data-first-init=\"0\"\n                        class=\"control \" data-filter=\".eael-cf-schl\u00fcsselanh\u00e4nger\">Schl\u00fcsselanh\u00e4nger<\/li><\/ul>\n            <\/div>\n                    <div class=\"eael-filter-gallery-container eael-filter-gallery-grid\" data-images-per-page=\"\" data-total-gallery-items=\"1\" data-nomore-item-text=\"\" data-is-randomize=\"no\" data-settings=\"{&quot;grid_style&quot;:&quot;grid&quot;,&quot;popup&quot;:&quot;buttons&quot;,&quot;duration&quot;:500,&quot;gallery_enabled&quot;:&quot;yes&quot;,&quot;video_gallery_yt_privacy&quot;:&quot;&quot;,&quot;control_all_text&quot;:&quot;&quot;,&quot;post_id&quot;:6102,&quot;widget_id&quot;:&quot;9023283&quot;}\" data-search-all=\"\" data-gallery-items=\"WyI8ZGl2IGNsYXNzPVwiZWFlbC1maWx0ZXJhYmxlLWdhbGxlcnktaXRlbS13cmFwIGVhZWwtY2YtbVx1MDBmY3R6ZVwiPlxuXHRcdFx0XHQ8ZGl2IGNsYXNzPVwiZWFlbC1nYWxsZXJ5LWdyaWQtaXRlbVwiPjxkaXYgY2xhc3M9XCJnYWxsZXJ5LWl0ZW0tdGh1bWJuYWlsLXdyYXBcIj48aW1nIHdpZHRoPVwiMzAwXCIgaGVpZ2h0PVwiMjQwXCIgc3JjPVwiaHR0cHM6XC9cL2VhZ2xldmFsYWlzLmNoXC93cC1jb250ZW50XC91cGxvYWRzXC8yMDI0XC8wM1wvY2FzcXVldHRlLTMwMHgyNDAud2VicFwiIGNsYXNzPVwiYXR0YWNobWVudC1tZWRpdW0gc2l6ZS1tZWRpdW0gd3AtaW1hZ2UtMzAzN1wiIGFsdD1cIkNhc3F1ZXR0ZSB0eXBlIFRydWNrZXIgRWFnbGUgVmFsYWlzLlwiIHNyY3NldD1cImh0dHBzOlwvXC9lYWdsZXZhbGFpcy5jaFwvd3AtY29udGVudFwvdXBsb2Fkc1wvMjAyNFwvMDNcL2Nhc3F1ZXR0ZS0zMDB4MjQwLndlYnAgMzAwdywgaHR0cHM6XC9cL2VhZ2xldmFsYWlzLmNoXC93cC1jb250ZW50XC91cGxvYWRzXC8yMDI0XC8wM1wvY2FzcXVldHRlLndlYnAgNTM1d1wiIHNpemVzPVwiKG1heC13aWR0aDogMzAwcHgpIDEwMHZ3LCAzMDBweFwiIFwvPjxkaXYgY2xhc3M9XCJnYWxsZXJ5LWl0ZW0tY2FwdGlvbi13cmFwIGNhcmQtaG92ZXItYmcgY2FwdGlvbi1zdHlsZS1ob3ZlcmVyIFwiPlxuICAgICAgICAgICAgICAgICAgICAgICAgICAgIDxkaXYgY2xhc3M9XCJnYWxsZXJ5LWl0ZW0tYnV0dG9uc1wiPjxcL2Rpdj5cbiAgICAgICAgICAgICAgICAgICAgICAgIDxcL2Rpdj48XC9kaXY+PGRpdiBjbGFzcz1cImdhbGxlcnktaXRlbS1jYXB0aW9uLXdyYXAgY2FwdGlvbi1zdHlsZS1jYXJkIFwiPjxkaXYgY2xhc3M9XCJnYWxsZXJ5LWl0ZW0tY2FwdGlvbi1vdmVyXCI+PGEgaHJlZj1cImh0dHBzOlwvXC9uZXcuZWFnbGV2YWxhaXMuY2hcL2JvdXRpcXVlXC9jYXNxdWV0dGUtZWFnbGUtdmFsYWlzXC9cIj48aDMgY2xhc3M9XCJmZy1pdGVtLXRpdGxlXCI+VHJ1Y2tlcm1cdTAwZmN0emUgRWFnbGUgVmFsYWlzPFwvaDM+PFwvYT48ZGl2IGNsYXNzPVwiZmctaXRlbS1jb250ZW50XCI+PGg0PjxhIGhyZWY9XCJodHRwczpcL1wvbmV3LmVhZ2xldmFsYWlzLmNoXC9ib3V0aXF1ZVwvY2FzcXVldHRlLWVhZ2xlLXZhbGFpc1wvXCI+RW50ZGVja2VuIFNpZSB1bnNlciBQcm9kdWt0PFwvYT48XC9oND5cbjxcL2Rpdj48XC9kaXY+PFwvZGl2PjxcL2Rpdj48XC9kaXY+Il0=\" data-init-show=\"9\">\n            <div class=\"eael-filterable-gallery-item-wrap eael-cf-m\u00fctze\">\n\t\t\t\t<div class=\"eael-gallery-grid-item\"><div class=\"gallery-item-thumbnail-wrap\"><img fetchpriority=\"high\" decoding=\"async\" width=\"300\" height=\"240\" src=\"https:\/\/eaglevalais.ch\/wp-content\/uploads\/2024\/03\/casquette-300x240.webp\" class=\"attachment-medium size-medium wp-image-3037\" alt=\"Casquette type Trucker Eagle Valais.\" srcset=\"https:\/\/eaglevalais.ch\/wp-content\/uploads\/2024\/03\/casquette-300x240.webp 300w, https:\/\/eaglevalais.ch\/wp-content\/uploads\/2024\/03\/casquette.webp 535w\" sizes=\"(max-width: 300px) 100vw, 300px\" \/><div class=\"gallery-item-caption-wrap card-hover-bg caption-style-hoverer \">\n                            <div class=\"gallery-item-buttons\"><\/div>\n                        <\/div><\/div><div class=\"gallery-item-caption-wrap caption-style-card \"><div class=\"gallery-item-caption-over\"><a href=\"https:\/\/new.eaglevalais.ch\/boutique\/casquette-eagle-valais\/\"><h3 class=\"fg-item-title\">Truckerm\u00fctze Eagle Valais<\/h3><\/a><div class=\"fg-item-content\"><h4><a href=\"https:\/\/new.eaglevalais.ch\/boutique\/casquette-eagle-valais\/\">Entdecken Sie unser Produkt<\/a><\/h4>\n<\/div><\/div><\/div><\/div><\/div>        <\/div>\n                <\/div>\n        \n        \t\t\t\t<\/div>\n\t\t\t\t<\/div>\n\t\t\t\t\t<\/div>\n\t\t\t\t<\/div>\n\t\t<div class=\"elementor-element elementor-element-13f6dc4 e-flex e-con-boxed e-con e-parent\" data-id=\"13f6dc4\" data-element_type=\"container\" data-e-type=\"container\">\n\t\t\t\t\t<div class=\"e-con-inner\">\n\t\t<div class=\"elementor-element elementor-element-bae0cf7 e-con-full e-flex e-con e-child\" data-id=\"bae0cf7\" data-element_type=\"container\" data-e-type=\"container\">\n\t\t<div class=\"elementor-element elementor-element-60f1a59 e-flex e-con-boxed e-con e-child\" data-id=\"60f1a59\" data-element_type=\"container\" data-e-type=\"container\">\n\t\t\t\t\t<div class=\"e-con-inner\">\n\t\t\t\t<div class=\"elementor-element elementor-element-d4812e1 elementor-widget elementor-widget-heading\" data-id=\"d4812e1\" data-element_type=\"widget\" data-e-type=\"widget\" data-widget_type=\"heading.default\">\n\t\t\t\t<div class=\"elementor-widget-container\">\n\t\t\t\t\t<h2 class=\"elementor-heading-title elementor-size-default\">Der Shop von Eagle Valais<\/h2>\t\t\t\t<\/div>\n\t\t\t\t<\/div>\n\t\t\t\t<div class=\"elementor-element elementor-element-10eadf4 elementor-widget elementor-widget-heading\" data-id=\"10eadf4\" data-element_type=\"widget\" data-e-type=\"widget\" data-widget_type=\"heading.default\">\n\t\t\t\t<div class=\"elementor-widget-container\">\n\t\t\t\t\t<h3 class=\"elementor-heading-title elementor-size-default\">Ein authentischer und distinktiver Stil<\/h3>\t\t\t\t<\/div>\n\t\t\t\t<\/div>\n\t\t\t\t<div class=\"elementor-element elementor-element-ab35f6d elementor-widget__width-initial elementor-widget elementor-widget-text-editor\" data-id=\"ab35f6d\" data-element_type=\"widget\" data-e-type=\"widget\" data-widget_type=\"text-editor.default\">\n\t\t\t\t<div class=\"elementor-widget-container\">\n\t\t\t\t\t\t\t\t\t<p>Unsere M\u00fctzen sind viel mehr als nur Kopfbedeckungen. Sie verk\u00f6rpern <b>den k\u00fchnen Geist und die Leidenschaft f\u00fcr die Luftfahrt<\/b>, die Eagle Valais auszeichnen. Sie sind aus hochwertigen Materialien hergestellt. Besonders unsere M\u00fctzen bieten einen optimalen Tragekomfort und verleihen Ihrem Outfit einen Hauch von Stil.   <\/p><p>Mit unserem <b>ikonischen Logo Eagle Valais<\/b> sind unsere M\u00fctzen ein Symbol des Stolzes f\u00fcr alle, die unsere Liebe f\u00fcr Flugabenteuer und die majest\u00e4tischen Landschaften des Wallis teilen. Ob Sie nun in den Bergen oder einfach in der Stadt unterwegs sind, unsere M\u00fctzen begleiten Sie mit <b>Eleganz und Vornehmheit<\/b>. <\/p>\t\t\t\t\t\t\t\t<\/div>\n\t\t\t\t<\/div>\n\t\t\t\t<div class=\"elementor-element elementor-element-185f754 elementor-widget elementor-widget-heading\" data-id=\"185f754\" data-element_type=\"widget\" data-e-type=\"widget\" data-widget_type=\"heading.default\">\n\t\t\t\t<div class=\"elementor-widget-container\">\n\t\t\t\t\t<h3 class=\"elementor-heading-title elementor-size-default\">Ein Gesch\u00e4ft mit \u00f6kologischem Engagement  <\/h3>\t\t\t\t<\/div>\n\t\t\t\t<\/div>\n\t\t\t\t<div class=\"elementor-element elementor-element-fdebda9 elementor-widget__width-initial elementor-widget elementor-widget-text-editor\" data-id=\"fdebda9\" data-element_type=\"widget\" data-e-type=\"widget\" data-widget_type=\"text-editor.default\">\n\t\t\t\t<div class=\"elementor-widget-container\">\n\t\t\t\t\t\t\t\t\t<p>Wir bei Eagle Valais setzen uns f\u00fcr die Erhaltung unserer Umwelt ein. Deshalb haben wir uns entschieden, unsere Produkte nur in Gesch\u00e4ften anzubieten, <b>um unseren CO2-Fu\u00dfabdruck<\/b> durch die Vermeidung von Lieferungen zu <b>verringern<\/b>. <\/p><p>Wenn Sie sich f\u00fcr den Einkauf vor Ort entscheiden, tragen Sie direkt zur<b> Reduzierung der CO2-Emissionen und zur Unterst\u00fctzung der lokalen Wirtschaft<\/b> bei<b>.<\/b> Dar\u00fcber hinaus werden unsere Kappen aus umweltfreundlichen Materialien hergestellt, um unseren Planeten f\u00fcr zuk\u00fcnftige Generationen zu erhalten.<\/p><p> <\/p>\t\t\t\t\t\t\t\t<\/div>\n\t\t\t\t<\/div>\n\t\t\t\t<div class=\"elementor-element elementor-element-a9dc526 elementor-widget elementor-widget-heading\" data-id=\"a9dc526\" data-element_type=\"widget\" data-e-type=\"widget\" data-widget_type=\"heading.default\">\n\t\t\t\t<div class=\"elementor-widget-container\">\n\t\t\t\t\t<h3 class=\"elementor-heading-title elementor-size-default\">M\u00f6gliche n\u00e4chste Artikel: T-Shirts, Sticker und Schl\u00fcsselanh\u00e4nger<\/h3>\t\t\t\t<\/div>\n\t\t\t\t<\/div>\n\t\t\t\t<div class=\"elementor-element elementor-element-6846aee elementor-widget__width-initial elementor-widget elementor-widget-text-editor\" data-id=\"6846aee\" data-element_type=\"widget\" data-e-type=\"widget\" data-widget_type=\"text-editor.default\">\n\t\t\t\t<div class=\"elementor-widget-container\">\n\t\t\t\t\t\t\t\t\t<p>Obwohl unser Shop derzeit nur M\u00fctzen anbietet, haben wir vor, unsere Produktpalette in naher Zukunft zu erweitern. Halten Sie Ausschau nach unseren n\u00e4chsten Kollektionen von T-Shirts, Stickern und Schl\u00fcsselanh\u00e4ngern, die alle unser emblematisches Eagle Valais Logo tragen. <\/p><p>Begleiten Sie <b>uns<\/b> auf unserem \u00f6kologischen Weg und kaufen Sie eine unserer exklusiven M\u00fctzen. Sie werden nicht nur einen <b>einzigartigen Stil<\/b> haben, sondern auch ein Zeichen f\u00fcr die Umwelt setzen. <\/p><p>Besuchen Sie unseren Merchandising-Shop Eagle Valais und entscheiden Sie sich f\u00fcr einen verantwortungsvollen Stil.<\/p>\t\t\t\t\t\t\t\t<\/div>\n\t\t\t\t<\/div>\n\t\t\t\t\t<\/div>\n\t\t\t\t<\/div>\n\t\t\t\t<\/div>\n\t\t\t\t\t<\/div>\n\t\t\t\t<\/div>\n\t\t\t\t<\/div>\n\t\t","protected":false},"excerpt":{"rendered":"<p>Shop Unsere Goodies M\u00fctze T-Shirt Aufkleber Schl\u00fcsselanh\u00e4nger Truckerm\u00fctze Eagle Valais Entdecken Sie unser Produkt Der Shop von Eagle Valais Ein authentischer und distinktiver Stil Unsere M\u00fctzen sind viel mehr als nur Kopfbedeckungen. Sie verk\u00f6rpern den k\u00fchnen Geist und die Leidenschaft f\u00fcr die Luftfahrt, die Eagle Valais auszeichnen. Sie sind aus hochwertigen Materialien hergestellt. Besonders unsere [&hellip;]<\/p>\n","protected":false},"author":2,"featured_media":4958,"parent":0,"menu_order":0,"comment_status":"closed","ping_status":"closed","template":"elementor_header_footer","meta":{"footnotes":""},"class_list":["post-6102","page","type-page","status-publish","has-post-thumbnail","hentry"],"yoast_head":"<!-- This site is optimized with the Yoast SEO plugin v26.8 - https:\/\/yoast.com\/product\/yoast-seo-wordpress\/ -->\n<title>Shop | Eagle Valais<\/title>\n<meta name=\"description\" content=\"Durchsuchen Sie unseren Online-Shop nach Souvenirprodukten von Eagle Valais. Entdecken Sie eine Auswahl an hochwertigen Artikeln...\" \/>\n<meta name=\"robots\" content=\"index, follow, max-snippet:-1, max-image-preview:large, max-video-preview:-1\" \/>\n<link rel=\"canonical\" href=\"https:\/\/eaglevalais.ch\/de\/shop\/\" \/>\n<meta property=\"og:locale\" content=\"de_DE\" \/>\n<meta property=\"og:type\" content=\"article\" \/>\n<meta property=\"og:title\" content=\"Shop | Eagle Valais\" \/>\n<meta property=\"og:description\" content=\"Durchsuchen Sie unseren Online-Shop nach Souvenirprodukten von Eagle Valais. Entdecken Sie eine Auswahl an hochwertigen Artikeln...\" \/>\n<meta property=\"og:url\" content=\"https:\/\/eaglevalais.ch\/de\/shop\/\" \/>\n<meta property=\"og:site_name\" content=\"Eagle Valais\" \/>\n<meta property=\"article:publisher\" content=\"https:\/\/www.facebook.com\/profile.php?id=100058790670238\" \/>\n<meta property=\"article:modified_time\" content=\"2025-06-25T12:27:28+00:00\" \/>\n<meta property=\"og:image\" content=\"https:\/\/eaglevalais.ch\/wp-content\/uploads\/2024\/03\/boutique.webp\" \/>\n\t<meta property=\"og:image:width\" content=\"2000\" \/>\n\t<meta property=\"og:image:height\" content=\"1228\" \/>\n\t<meta property=\"og:image:type\" content=\"image\/webp\" \/>\n<meta name=\"twitter:card\" content=\"summary_large_image\" \/>\n<meta name=\"twitter:label1\" content=\"Gesch\u00e4tzte Lesezeit\" \/>\n\t<meta name=\"twitter:data1\" content=\"2\u00a0Minuten\" \/>\n<script type=\"application\/ld+json\" class=\"yoast-schema-graph\">{\"@context\":\"https:\/\/schema.org\",\"@graph\":[{\"@type\":\"WebPage\",\"@id\":\"https:\/\/eaglevalais.ch\/de\/shop\/\",\"url\":\"https:\/\/eaglevalais.ch\/de\/shop\/\",\"name\":\"Shop | Eagle Valais\",\"isPartOf\":{\"@id\":\"https:\/\/eaglevalais.ch\/de\/#website\"},\"primaryImageOfPage\":{\"@id\":\"https:\/\/eaglevalais.ch\/de\/shop\/#primaryimage\"},\"image\":{\"@id\":\"https:\/\/eaglevalais.ch\/de\/shop\/#primaryimage\"},\"thumbnailUrl\":\"https:\/\/eaglevalais.ch\/wp-content\/uploads\/2024\/03\/boutique.webp\",\"datePublished\":\"2024-03-12T09:22:11+00:00\",\"dateModified\":\"2025-06-25T12:27:28+00:00\",\"description\":\"Durchsuchen Sie unseren Online-Shop nach Souvenirprodukten von Eagle Valais. Entdecken Sie eine Auswahl an hochwertigen Artikeln...\",\"breadcrumb\":{\"@id\":\"https:\/\/eaglevalais.ch\/de\/shop\/#breadcrumb\"},\"inLanguage\":\"de\",\"potentialAction\":[{\"@type\":\"ReadAction\",\"target\":[\"https:\/\/eaglevalais.ch\/de\/shop\/\"]}]},{\"@type\":\"ImageObject\",\"inLanguage\":\"de\",\"@id\":\"https:\/\/eaglevalais.ch\/de\/shop\/#primaryimage\",\"url\":\"https:\/\/eaglevalais.ch\/wp-content\/uploads\/2024\/03\/boutique.webp\",\"contentUrl\":\"https:\/\/eaglevalais.ch\/wp-content\/uploads\/2024\/03\/boutique.webp\",\"width\":2000,\"height\":1228,\"caption\":\"Couch\u00e9 de soleil sur les Alpes valaisannes \u00e0 c\u00f4t\u00e9 de Sion.\"},{\"@type\":\"BreadcrumbList\",\"@id\":\"https:\/\/eaglevalais.ch\/de\/shop\/#breadcrumb\",\"itemListElement\":[{\"@type\":\"ListItem\",\"position\":1,\"name\":\"Accueil\",\"item\":\"https:\/\/eaglevalais.ch\/de\/\"},{\"@type\":\"ListItem\",\"position\":2,\"name\":\"Shop\"}]},{\"@type\":\"WebSite\",\"@id\":\"https:\/\/eaglevalais.ch\/de\/#website\",\"url\":\"https:\/\/eaglevalais.ch\/de\/\",\"name\":\"Eagle Valais\",\"description\":\"Les sp\u00e9cialistes du transport et du travail a\u00e9rien.\",\"publisher\":{\"@id\":\"https:\/\/eaglevalais.ch\/de\/#organization\"},\"potentialAction\":[{\"@type\":\"SearchAction\",\"target\":{\"@type\":\"EntryPoint\",\"urlTemplate\":\"https:\/\/eaglevalais.ch\/de\/?s={search_term_string}\"},\"query-input\":{\"@type\":\"PropertyValueSpecification\",\"valueRequired\":true,\"valueName\":\"search_term_string\"}}],\"inLanguage\":\"de\"},{\"@type\":\"Organization\",\"@id\":\"https:\/\/eaglevalais.ch\/de\/#organization\",\"name\":\"Eagle Valais\",\"url\":\"https:\/\/eaglevalais.ch\/de\/\",\"logo\":{\"@type\":\"ImageObject\",\"inLanguage\":\"de\",\"@id\":\"https:\/\/eaglevalais.ch\/de\/#\/schema\/logo\/image\/\",\"url\":\"https:\/\/eaglevalais.ch\/wp-content\/uploads\/2024\/03\/cropped-cropped-eagle_logo_Valais-OFFICIAL_2017_173x93.png\",\"contentUrl\":\"https:\/\/eaglevalais.ch\/wp-content\/uploads\/2024\/03\/cropped-cropped-eagle_logo_Valais-OFFICIAL_2017_173x93.png\",\"width\":718,\"height\":384,\"caption\":\"Eagle Valais\"},\"image\":{\"@id\":\"https:\/\/eaglevalais.ch\/de\/#\/schema\/logo\/image\/\"},\"sameAs\":[\"https:\/\/www.facebook.com\/profile.php?id=100058790670238\",\"https:\/\/www.instagram.com\/eagle_valais\/\"]}]}<\/script>\n<!-- \/ Yoast SEO plugin. -->","yoast_head_json":{"title":"Shop | Eagle Valais","description":"Durchsuchen Sie unseren Online-Shop nach Souvenirprodukten von Eagle Valais. Entdecken Sie eine Auswahl an hochwertigen Artikeln...","robots":{"index":"index","follow":"follow","max-snippet":"max-snippet:-1","max-image-preview":"max-image-preview:large","max-video-preview":"max-video-preview:-1"},"canonical":"https:\/\/eaglevalais.ch\/de\/shop\/","og_locale":"de_DE","og_type":"article","og_title":"Shop | Eagle Valais","og_description":"Durchsuchen Sie unseren Online-Shop nach Souvenirprodukten von Eagle Valais. Entdecken Sie eine Auswahl an hochwertigen Artikeln...","og_url":"https:\/\/eaglevalais.ch\/de\/shop\/","og_site_name":"Eagle Valais","article_publisher":"https:\/\/www.facebook.com\/profile.php?id=100058790670238","article_modified_time":"2025-06-25T12:27:28+00:00","og_image":[{"width":2000,"height":1228,"url":"https:\/\/eaglevalais.ch\/wp-content\/uploads\/2024\/03\/boutique.webp","type":"image\/webp"}],"twitter_card":"summary_large_image","twitter_misc":{"Gesch\u00e4tzte Lesezeit":"2\u00a0Minuten"},"schema":{"@context":"https:\/\/schema.org","@graph":[{"@type":"WebPage","@id":"https:\/\/eaglevalais.ch\/de\/shop\/","url":"https:\/\/eaglevalais.ch\/de\/shop\/","name":"Shop | Eagle Valais","isPartOf":{"@id":"https:\/\/eaglevalais.ch\/de\/#website"},"primaryImageOfPage":{"@id":"https:\/\/eaglevalais.ch\/de\/shop\/#primaryimage"},"image":{"@id":"https:\/\/eaglevalais.ch\/de\/shop\/#primaryimage"},"thumbnailUrl":"https:\/\/eaglevalais.ch\/wp-content\/uploads\/2024\/03\/boutique.webp","datePublished":"2024-03-12T09:22:11+00:00","dateModified":"2025-06-25T12:27:28+00:00","description":"Durchsuchen Sie unseren Online-Shop nach Souvenirprodukten von Eagle Valais. Entdecken Sie eine Auswahl an hochwertigen Artikeln...","breadcrumb":{"@id":"https:\/\/eaglevalais.ch\/de\/shop\/#breadcrumb"},"inLanguage":"de","potentialAction":[{"@type":"ReadAction","target":["https:\/\/eaglevalais.ch\/de\/shop\/"]}]},{"@type":"ImageObject","inLanguage":"de","@id":"https:\/\/eaglevalais.ch\/de\/shop\/#primaryimage","url":"https:\/\/eaglevalais.ch\/wp-content\/uploads\/2024\/03\/boutique.webp","contentUrl":"https:\/\/eaglevalais.ch\/wp-content\/uploads\/2024\/03\/boutique.webp","width":2000,"height":1228,"caption":"Couch\u00e9 de soleil sur les Alpes valaisannes \u00e0 c\u00f4t\u00e9 de Sion."},{"@type":"BreadcrumbList","@id":"https:\/\/eaglevalais.ch\/de\/shop\/#breadcrumb","itemListElement":[{"@type":"ListItem","position":1,"name":"Accueil","item":"https:\/\/eaglevalais.ch\/de\/"},{"@type":"ListItem","position":2,"name":"Shop"}]},{"@type":"WebSite","@id":"https:\/\/eaglevalais.ch\/de\/#website","url":"https:\/\/eaglevalais.ch\/de\/","name":"Eagle Valais","description":"Les sp\u00e9cialistes du transport et du travail a\u00e9rien.","publisher":{"@id":"https:\/\/eaglevalais.ch\/de\/#organization"},"potentialAction":[{"@type":"SearchAction","target":{"@type":"EntryPoint","urlTemplate":"https:\/\/eaglevalais.ch\/de\/?s={search_term_string}"},"query-input":{"@type":"PropertyValueSpecification","valueRequired":true,"valueName":"search_term_string"}}],"inLanguage":"de"},{"@type":"Organization","@id":"https:\/\/eaglevalais.ch\/de\/#organization","name":"Eagle Valais","url":"https:\/\/eaglevalais.ch\/de\/","logo":{"@type":"ImageObject","inLanguage":"de","@id":"https:\/\/eaglevalais.ch\/de\/#\/schema\/logo\/image\/","url":"https:\/\/eaglevalais.ch\/wp-content\/uploads\/2024\/03\/cropped-cropped-eagle_logo_Valais-OFFICIAL_2017_173x93.png","contentUrl":"https:\/\/eaglevalais.ch\/wp-content\/uploads\/2024\/03\/cropped-cropped-eagle_logo_Valais-OFFICIAL_2017_173x93.png","width":718,"height":384,"caption":"Eagle Valais"},"image":{"@id":"https:\/\/eaglevalais.ch\/de\/#\/schema\/logo\/image\/"},"sameAs":["https:\/\/www.facebook.com\/profile.php?id=100058790670238","https:\/\/www.instagram.com\/eagle_valais\/"]}]}},"_links":{"self":[{"href":"https:\/\/eaglevalais.ch\/de\/wp-json\/wp\/v2\/pages\/6102","targetHints":{"allow":["GET"]}}],"collection":[{"href":"https:\/\/eaglevalais.ch\/de\/wp-json\/wp\/v2\/pages"}],"about":[{"href":"https:\/\/eaglevalais.ch\/de\/wp-json\/wp\/v2\/types\/page"}],"author":[{"embeddable":true,"href":"https:\/\/eaglevalais.ch\/de\/wp-json\/wp\/v2\/users\/2"}],"replies":[{"embeddable":true,"href":"https:\/\/eaglevalais.ch\/de\/wp-json\/wp\/v2\/comments?post=6102"}],"version-history":[{"count":2,"href":"https:\/\/eaglevalais.ch\/de\/wp-json\/wp\/v2\/pages\/6102\/revisions"}],"predecessor-version":[{"id":6106,"href":"https:\/\/eaglevalais.ch\/de\/wp-json\/wp\/v2\/pages\/6102\/revisions\/6106"}],"wp:featuredmedia":[{"embeddable":true,"href":"https:\/\/eaglevalais.ch\/de\/wp-json\/wp\/v2\/media\/4958"}],"wp:attachment":[{"href":"https:\/\/eaglevalais.ch\/de\/wp-json\/wp\/v2\/media?parent=6102"}],"curies":[{"name":"wp","href":"https:\/\/api.w.org\/{rel}","templated":true}]}}