{"id":6069,"date":"2024-02-26T10:15:16","date_gmt":"2024-02-26T09:15:16","guid":{"rendered":"https:\/\/eaglevalais.ch\/ueber-uns\/karriere\/"},"modified":"2025-06-27T15:52:51","modified_gmt":"2025-06-27T13:52:51","slug":"karriere","status":"publish","type":"page","link":"https:\/\/eaglevalais.ch\/de\/ueber-uns\/karriere\/","title":{"rendered":"Karriere"},"content":{"rendered":"\t\t<div data-elementor-type=\"wp-page\" data-elementor-id=\"6069\" class=\"elementor elementor-6069 elementor-842\">\n\t\t\t\t<div class=\"elementor-element elementor-element-82bc348 e-con-full e-flex e-con e-parent\" data-id=\"82bc348\" data-element_type=\"container\" data-e-type=\"container\">\n\t\t<div class=\"elementor-element elementor-element-e8fb3ca e-con-full e-flex e-con e-child\" data-id=\"e8fb3ca\" data-element_type=\"container\" data-e-type=\"container\">\n\t\t<div class=\"elementor-element elementor-element-4cb9ce4 e-con-full e-flex e-con e-child\" data-id=\"4cb9ce4\" data-element_type=\"container\" data-e-type=\"container\" data-settings=\"{&quot;background_background&quot;:&quot;slideshow&quot;,&quot;background_slideshow_gallery&quot;:[{&quot;id&quot;:2314,&quot;url&quot;:&quot;https:\\\/\\\/new.eaglevalais.ch\\\/wp-content\\\/uploads\\\/2024\\\/03\\\/as350_3.webp&quot;}],&quot;background_slideshow_slide_duration&quot;:5000,&quot;background_slideshow_slide_transition&quot;:&quot;fade&quot;,&quot;background_slideshow_transition_duration&quot;:500}\">\n\t\t\t\t<div class=\"elementor-element elementor-element-be07403 elementor-widget elementor-widget-spacer\" data-id=\"be07403\" data-element_type=\"widget\" data-e-type=\"widget\" data-widget_type=\"spacer.default\">\n\t\t\t\t<div class=\"elementor-widget-container\">\n\t\t\t\t\t\t\t<div class=\"elementor-spacer\">\n\t\t\t<div class=\"elementor-spacer-inner\"><\/div>\n\t\t<\/div>\n\t\t\t\t\t\t<\/div>\n\t\t\t\t<\/div>\n\t\t\t\t<div class=\"elementor-element elementor-element-8cc14ef elementor-widget__width-auto elementor-invisible elementor-widget elementor-widget-heading\" data-id=\"8cc14ef\" data-element_type=\"widget\" data-e-type=\"widget\" data-settings=\"{&quot;_animation&quot;:&quot;fadeIn&quot;}\" data-widget_type=\"heading.default\">\n\t\t\t\t<div class=\"elementor-widget-container\">\n\t\t\t\t\t<h1 class=\"elementor-heading-title elementor-size-default\">Karriere<\/h1>\t\t\t\t<\/div>\n\t\t\t\t<\/div>\n\t\t\t\t<\/div>\n\t\t\t\t<\/div>\n\t\t\t\t<\/div>\n\t\t<div class=\"elementor-element elementor-element-72157f3 e-flex e-con-boxed e-con e-parent\" data-id=\"72157f3\" data-element_type=\"container\" data-e-type=\"container\">\n\t\t\t\t\t<div class=\"e-con-inner\">\n\t\t\t\t<div class=\"elementor-element elementor-element-f298efe elementor-widget elementor-widget-heading\" data-id=\"f298efe\" data-element_type=\"widget\" data-e-type=\"widget\" data-widget_type=\"heading.default\">\n\t\t\t\t<div class=\"elementor-widget-container\">\n\t\t\t\t\t<h2 class=\"elementor-heading-title elementor-size-default\">M\u00f6chten Sie bei uns Karriere machen?<\/h2>\t\t\t\t<\/div>\n\t\t\t\t<\/div>\n\t\t\t\t<div class=\"elementor-element elementor-element-1a3ff93 elementor-widget-divider--view-line elementor-widget elementor-widget-divider\" data-id=\"1a3ff93\" data-element_type=\"widget\" data-e-type=\"widget\" data-widget_type=\"divider.default\">\n\t\t\t\t<div class=\"elementor-widget-container\">\n\t\t\t\t\t\t\t<div class=\"elementor-divider\">\n\t\t\t<span class=\"elementor-divider-separator\">\n\t\t\t\t\t\t<\/span>\n\t\t<\/div>\n\t\t\t\t\t\t<\/div>\n\t\t\t\t<\/div>\n\t\t<div class=\"elementor-element elementor-element-598af96 e-flex e-con-boxed e-con e-child\" data-id=\"598af96\" data-element_type=\"container\" data-e-type=\"container\">\n\t\t\t\t\t<div class=\"e-con-inner\">\n\t\t\t\t<div class=\"elementor-element elementor-element-db81235 elementor-widget elementor-widget-spacer\" data-id=\"db81235\" data-element_type=\"widget\" data-e-type=\"widget\" data-widget_type=\"spacer.default\">\n\t\t\t\t<div class=\"elementor-widget-container\">\n\t\t\t\t\t\t\t<div class=\"elementor-spacer\">\n\t\t\t<div class=\"elementor-spacer-inner\"><\/div>\n\t\t<\/div>\n\t\t\t\t\t\t<\/div>\n\t\t\t\t<\/div>\n\t\t\t\t<div class=\"elementor-element elementor-element-5c432a3 elementor-widget elementor-widget-text-editor\" data-id=\"5c432a3\" data-element_type=\"widget\" data-e-type=\"widget\" data-widget_type=\"text-editor.default\">\n\t\t\t\t<div class=\"elementor-widget-container\">\n\t\t\t\t\t\t\t\t\t<p>Unser Unternehmen bietet ein <b>anregendes Arbeitsumfeld<\/b>, das eine berufliche Karriere f\u00f6rdert, sowie Entwicklungsm\u00f6glichkeiten und eine Unternehmenskultur, die sich auf Spitzenleistungen und Innovation konzentriert.<\/p><p>Als<b> f\u00fchrender Anbieter von Luftarbeit im Wallis<\/b> k\u00f6nnen wir eine Vielzahl von Stellen in Bereichen wie Pilot, Wartung, Betrieb und vielen anderen anbieten.<\/p><p>Senden Sie uns jetzt Ihren <b>Lebenslauf<\/b>! Auch wenn wir derzeit keine offene Stelle haben, sind wir interessiert. <i><b>immer interessiert.<\/b> <b>an au\u00dfergew\u00f6hnlichen Talenten.<\/b><\/i> wie Sie es sind. Lassen Sie uns Ihr Potenzial entdecken und erkunden Sie mit uns die zuk\u00fcnftigen M\u00f6glichkeiten.  <\/p><p> <\/p>\t\t\t\t\t\t\t\t<\/div>\n\t\t\t\t<\/div>\n\t\t\t\t\t<\/div>\n\t\t\t\t<\/div>\n\t\t\t\t<div class=\"elementor-element elementor-element-98fa488 elementor-align-left elementor-button-info elementor-widget elementor-widget-button\" data-id=\"98fa488\" data-element_type=\"widget\" data-e-type=\"widget\" data-widget_type=\"button.default\">\n\t\t\t\t<div class=\"elementor-widget-container\">\n\t\t\t\t\t\t\t\t\t<div class=\"elementor-button-wrapper\">\n\t\t\t\t\t<a class=\"elementor-button elementor-button-link elementor-size-md\" href=\"https:\/\/eaglevalais.ch\/de\/kontakt\/\">\n\t\t\t\t\t\t<span class=\"elementor-button-content-wrapper\">\n\t\t\t\t\t\t\t\t\t<span class=\"elementor-button-text\">Werden Sie Teil unseres Teams<\/span>\n\t\t\t\t\t<\/span>\n\t\t\t\t\t<\/a>\n\t\t\t\t<\/div>\n\t\t\t\t\t\t\t\t<\/div>\n\t\t\t\t<\/div>\n\t\t\t\t\t<\/div>\n\t\t\t\t<\/div>\n\t\t<div class=\"elementor-element elementor-element-14c999c e-con-full e-flex e-con e-parent\" data-id=\"14c999c\" data-element_type=\"container\" data-e-type=\"container\">\n\t\t\t\t<div class=\"elementor-element elementor-element-ea048f3 elementor-widget elementor-widget-image\" data-id=\"ea048f3\" data-element_type=\"widget\" data-e-type=\"widget\" data-widget_type=\"image.default\">\n\t\t\t\t<div class=\"elementor-widget-container\">\n\t\t\t\t\t\t\t\t\t\t\t\t\t\t\t<img fetchpriority=\"high\" decoding=\"async\" width=\"300\" height=\"200\" src=\"https:\/\/eaglevalais.ch\/wp-content\/uploads\/2024\/03\/transport_materiel_4-300x200.webp\" class=\"attachment-medium size-medium wp-image-4908\" alt=\"\" srcset=\"https:\/\/eaglevalais.ch\/wp-content\/uploads\/2024\/03\/transport_materiel_4-300x200.webp 300w, https:\/\/eaglevalais.ch\/wp-content\/uploads\/2024\/03\/transport_materiel_4-1024x683.webp 1024w, https:\/\/eaglevalais.ch\/wp-content\/uploads\/2024\/03\/transport_materiel_4-768x512.webp 768w, https:\/\/eaglevalais.ch\/wp-content\/uploads\/2024\/03\/transport_materiel_4-1536x1024.webp 1536w, https:\/\/eaglevalais.ch\/wp-content\/uploads\/2024\/03\/transport_materiel_4-2048x1366.webp 2048w\" sizes=\"(max-width: 300px) 100vw, 300px\" \/>\t\t\t\t\t\t\t\t\t\t\t\t\t\t\t<\/div>\n\t\t\t\t<\/div>\n\t\t\t\t<div class=\"elementor-element elementor-element-16ea650 elementor-widget elementor-widget-image\" data-id=\"16ea650\" data-element_type=\"widget\" data-e-type=\"widget\" data-widget_type=\"image.default\">\n\t\t\t\t<div class=\"elementor-widget-container\">\n\t\t\t\t\t\t\t\t\t\t\t\t\t\t\t<img decoding=\"async\" width=\"300\" height=\"200\" src=\"https:\/\/eaglevalais.ch\/wp-content\/uploads\/2024\/03\/formation_jvn-300x200.jpg\" class=\"attachment-medium size-medium wp-image-5030\" alt=\"\" srcset=\"https:\/\/eaglevalais.ch\/wp-content\/uploads\/2024\/03\/formation_jvn-300x200.jpg 300w, https:\/\/eaglevalais.ch\/wp-content\/uploads\/2024\/03\/formation_jvn-768x512.jpg 768w, https:\/\/eaglevalais.ch\/wp-content\/uploads\/2024\/03\/formation_jvn.jpg 1024w\" sizes=\"(max-width: 300px) 100vw, 300px\" \/>\t\t\t\t\t\t\t\t\t\t\t\t\t\t\t<\/div>\n\t\t\t\t<\/div>\n\t\t\t\t<div class=\"elementor-element elementor-element-37202cc elementor-widget elementor-widget-image\" data-id=\"37202cc\" data-element_type=\"widget\" data-e-type=\"widget\" data-widget_type=\"image.default\">\n\t\t\t\t<div class=\"elementor-widget-container\">\n\t\t\t\t\t\t\t\t\t\t\t\t\t\t\t<img decoding=\"async\" width=\"300\" height=\"200\" src=\"https:\/\/eaglevalais.ch\/wp-content\/uploads\/2024\/03\/travaux_montage_2-300x200.webp\" class=\"attachment-medium size-medium wp-image-4902\" alt=\"\" srcset=\"https:\/\/eaglevalais.ch\/wp-content\/uploads\/2024\/03\/travaux_montage_2-300x200.webp 300w, https:\/\/eaglevalais.ch\/wp-content\/uploads\/2024\/03\/travaux_montage_2-1024x682.webp 1024w, https:\/\/eaglevalais.ch\/wp-content\/uploads\/2024\/03\/travaux_montage_2-768x512.webp 768w, https:\/\/eaglevalais.ch\/wp-content\/uploads\/2024\/03\/travaux_montage_2-1536x1024.webp 1536w, https:\/\/eaglevalais.ch\/wp-content\/uploads\/2024\/03\/travaux_montage_2.webp 2000w\" sizes=\"(max-width: 300px) 100vw, 300px\" \/>\t\t\t\t\t\t\t\t\t\t\t\t\t\t\t<\/div>\n\t\t\t\t<\/div>\n\t\t\t\t<\/div>\n\t\t\t\t<\/div>\n\t\t","protected":false},"excerpt":{"rendered":"<p>Karriere M\u00f6chten Sie bei uns Karriere machen? Unser Unternehmen bietet ein anregendes Arbeitsumfeld, das eine berufliche Karriere f\u00f6rdert, sowie Entwicklungsm\u00f6glichkeiten und eine Unternehmenskultur, die sich auf Spitzenleistungen und Innovation konzentriert. Als f\u00fchrender Anbieter von Luftarbeit im Wallis k\u00f6nnen wir eine Vielzahl von Stellen in Bereichen wie Pilot, Wartung, Betrieb und vielen anderen anbieten. Senden Sie [&hellip;]<\/p>\n","protected":false},"author":2,"featured_media":4992,"parent":6065,"menu_order":0,"comment_status":"closed","ping_status":"closed","template":"elementor_header_footer","meta":{"footnotes":""},"class_list":["post-6069","page","type-page","status-publish","has-post-thumbnail","hentry"],"yoast_head":"<!-- This site is optimized with the Yoast SEO plugin v26.8 - https:\/\/yoast.com\/product\/yoast-seo-wordpress\/ -->\n<title>Karriere | Eagle Valais<\/title>\n<meta name=\"description\" content=\"Entdecken Sie die Karrierem\u00f6glichkeiten bei Eagle Valais. Werden Sie Teil unseres dynamischen Teams und tragen Sie dazu bei, die Zukunft des Hubschraubers zu gestalten.\" \/>\n<meta name=\"robots\" content=\"index, follow, max-snippet:-1, max-image-preview:large, max-video-preview:-1\" \/>\n<link rel=\"canonical\" href=\"https:\/\/eaglevalais.ch\/de\/ueber-uns\/karriere\/\" \/>\n<meta property=\"og:locale\" content=\"de_DE\" \/>\n<meta property=\"og:type\" content=\"article\" \/>\n<meta property=\"og:title\" content=\"Karriere | Eagle Valais\" \/>\n<meta property=\"og:description\" content=\"Entdecken Sie die Karrierem\u00f6glichkeiten bei Eagle Valais. Werden Sie Teil unseres dynamischen Teams und tragen Sie dazu bei, die Zukunft des Hubschraubers zu gestalten.\" \/>\n<meta property=\"og:url\" content=\"https:\/\/eaglevalais.ch\/de\/ueber-uns\/karriere\/\" \/>\n<meta property=\"og:site_name\" content=\"Eagle Valais\" \/>\n<meta property=\"article:publisher\" content=\"https:\/\/www.facebook.com\/profile.php?id=100058790670238\" \/>\n<meta property=\"article:modified_time\" content=\"2025-06-27T13:52:51+00:00\" \/>\n<meta property=\"og:image\" content=\"https:\/\/eaglevalais.ch\/wp-content\/uploads\/2024\/03\/as350_3.webp\" \/>\n\t<meta property=\"og:image:width\" content=\"2000\" \/>\n\t<meta property=\"og:image:height\" content=\"1010\" \/>\n\t<meta property=\"og:image:type\" content=\"image\/webp\" \/>\n<meta name=\"twitter:card\" content=\"summary_large_image\" \/>\n<meta name=\"twitter:label1\" content=\"Gesch\u00e4tzte Lesezeit\" \/>\n\t<meta name=\"twitter:data1\" content=\"2\u00a0Minuten\" \/>\n<script type=\"application\/ld+json\" class=\"yoast-schema-graph\">{\"@context\":\"https:\/\/schema.org\",\"@graph\":[{\"@type\":\"WebPage\",\"@id\":\"https:\/\/eaglevalais.ch\/de\/ueber-uns\/karriere\/\",\"url\":\"https:\/\/eaglevalais.ch\/de\/ueber-uns\/karriere\/\",\"name\":\"Karriere | Eagle Valais\",\"isPartOf\":{\"@id\":\"https:\/\/eaglevalais.ch\/de\/#website\"},\"primaryImageOfPage\":{\"@id\":\"https:\/\/eaglevalais.ch\/de\/ueber-uns\/karriere\/#primaryimage\"},\"image\":{\"@id\":\"https:\/\/eaglevalais.ch\/de\/ueber-uns\/karriere\/#primaryimage\"},\"thumbnailUrl\":\"https:\/\/eaglevalais.ch\/wp-content\/uploads\/2024\/03\/as350_3.webp\",\"datePublished\":\"2024-02-26T09:15:16+00:00\",\"dateModified\":\"2025-06-27T13:52:51+00:00\",\"description\":\"Entdecken Sie die Karrierem\u00f6glichkeiten bei Eagle Valais. Werden Sie Teil unseres dynamischen Teams und tragen Sie dazu bei, die Zukunft des Hubschraubers zu gestalten.\",\"breadcrumb\":{\"@id\":\"https:\/\/eaglevalais.ch\/de\/ueber-uns\/karriere\/#breadcrumb\"},\"inLanguage\":\"de\",\"potentialAction\":[{\"@type\":\"ReadAction\",\"target\":[\"https:\/\/eaglevalais.ch\/de\/ueber-uns\/karriere\/\"]}]},{\"@type\":\"ImageObject\",\"inLanguage\":\"de\",\"@id\":\"https:\/\/eaglevalais.ch\/de\/ueber-uns\/karriere\/#primaryimage\",\"url\":\"https:\/\/eaglevalais.ch\/wp-content\/uploads\/2024\/03\/as350_3.webp\",\"contentUrl\":\"https:\/\/eaglevalais.ch\/wp-content\/uploads\/2024\/03\/as350_3.webp\",\"width\":2000,\"height\":1010,\"caption\":\"Un AS350B3 d'Eagle Valais sur le flanc d'une montagne avec des assistants au pied de l'appareil.\"},{\"@type\":\"BreadcrumbList\",\"@id\":\"https:\/\/eaglevalais.ch\/de\/ueber-uns\/karriere\/#breadcrumb\",\"itemListElement\":[{\"@type\":\"ListItem\",\"position\":1,\"name\":\"Accueil\",\"item\":\"https:\/\/eaglevalais.ch\/de\/\"},{\"@type\":\"ListItem\",\"position\":2,\"name\":\"\u00dcber uns\",\"item\":\"https:\/\/eaglevalais.ch\/de\/ueber-uns\/\"},{\"@type\":\"ListItem\",\"position\":3,\"name\":\"Karriere\"}]},{\"@type\":\"WebSite\",\"@id\":\"https:\/\/eaglevalais.ch\/de\/#website\",\"url\":\"https:\/\/eaglevalais.ch\/de\/\",\"name\":\"Eagle Valais\",\"description\":\"Les sp\u00e9cialistes du transport et du travail a\u00e9rien.\",\"publisher\":{\"@id\":\"https:\/\/eaglevalais.ch\/de\/#organization\"},\"potentialAction\":[{\"@type\":\"SearchAction\",\"target\":{\"@type\":\"EntryPoint\",\"urlTemplate\":\"https:\/\/eaglevalais.ch\/de\/?s={search_term_string}\"},\"query-input\":{\"@type\":\"PropertyValueSpecification\",\"valueRequired\":true,\"valueName\":\"search_term_string\"}}],\"inLanguage\":\"de\"},{\"@type\":\"Organization\",\"@id\":\"https:\/\/eaglevalais.ch\/de\/#organization\",\"name\":\"Eagle Valais\",\"url\":\"https:\/\/eaglevalais.ch\/de\/\",\"logo\":{\"@type\":\"ImageObject\",\"inLanguage\":\"de\",\"@id\":\"https:\/\/eaglevalais.ch\/de\/#\/schema\/logo\/image\/\",\"url\":\"https:\/\/eaglevalais.ch\/wp-content\/uploads\/2024\/03\/cropped-cropped-eagle_logo_Valais-OFFICIAL_2017_173x93.png\",\"contentUrl\":\"https:\/\/eaglevalais.ch\/wp-content\/uploads\/2024\/03\/cropped-cropped-eagle_logo_Valais-OFFICIAL_2017_173x93.png\",\"width\":718,\"height\":384,\"caption\":\"Eagle Valais\"},\"image\":{\"@id\":\"https:\/\/eaglevalais.ch\/de\/#\/schema\/logo\/image\/\"},\"sameAs\":[\"https:\/\/www.facebook.com\/profile.php?id=100058790670238\",\"https:\/\/www.instagram.com\/eagle_valais\/\"]}]}<\/script>\n<!-- \/ Yoast SEO plugin. -->","yoast_head_json":{"title":"Karriere | Eagle Valais","description":"Entdecken Sie die Karrierem\u00f6glichkeiten bei Eagle Valais. Werden Sie Teil unseres dynamischen Teams und tragen Sie dazu bei, die Zukunft des Hubschraubers zu gestalten.","robots":{"index":"index","follow":"follow","max-snippet":"max-snippet:-1","max-image-preview":"max-image-preview:large","max-video-preview":"max-video-preview:-1"},"canonical":"https:\/\/eaglevalais.ch\/de\/ueber-uns\/karriere\/","og_locale":"de_DE","og_type":"article","og_title":"Karriere | Eagle Valais","og_description":"Entdecken Sie die Karrierem\u00f6glichkeiten bei Eagle Valais. Werden Sie Teil unseres dynamischen Teams und tragen Sie dazu bei, die Zukunft des Hubschraubers zu gestalten.","og_url":"https:\/\/eaglevalais.ch\/de\/ueber-uns\/karriere\/","og_site_name":"Eagle Valais","article_publisher":"https:\/\/www.facebook.com\/profile.php?id=100058790670238","article_modified_time":"2025-06-27T13:52:51+00:00","og_image":[{"width":2000,"height":1010,"url":"https:\/\/eaglevalais.ch\/wp-content\/uploads\/2024\/03\/as350_3.webp","type":"image\/webp"}],"twitter_card":"summary_large_image","twitter_misc":{"Gesch\u00e4tzte Lesezeit":"2\u00a0Minuten"},"schema":{"@context":"https:\/\/schema.org","@graph":[{"@type":"WebPage","@id":"https:\/\/eaglevalais.ch\/de\/ueber-uns\/karriere\/","url":"https:\/\/eaglevalais.ch\/de\/ueber-uns\/karriere\/","name":"Karriere | Eagle Valais","isPartOf":{"@id":"https:\/\/eaglevalais.ch\/de\/#website"},"primaryImageOfPage":{"@id":"https:\/\/eaglevalais.ch\/de\/ueber-uns\/karriere\/#primaryimage"},"image":{"@id":"https:\/\/eaglevalais.ch\/de\/ueber-uns\/karriere\/#primaryimage"},"thumbnailUrl":"https:\/\/eaglevalais.ch\/wp-content\/uploads\/2024\/03\/as350_3.webp","datePublished":"2024-02-26T09:15:16+00:00","dateModified":"2025-06-27T13:52:51+00:00","description":"Entdecken Sie die Karrierem\u00f6glichkeiten bei Eagle Valais. Werden Sie Teil unseres dynamischen Teams und tragen Sie dazu bei, die Zukunft des Hubschraubers zu gestalten.","breadcrumb":{"@id":"https:\/\/eaglevalais.ch\/de\/ueber-uns\/karriere\/#breadcrumb"},"inLanguage":"de","potentialAction":[{"@type":"ReadAction","target":["https:\/\/eaglevalais.ch\/de\/ueber-uns\/karriere\/"]}]},{"@type":"ImageObject","inLanguage":"de","@id":"https:\/\/eaglevalais.ch\/de\/ueber-uns\/karriere\/#primaryimage","url":"https:\/\/eaglevalais.ch\/wp-content\/uploads\/2024\/03\/as350_3.webp","contentUrl":"https:\/\/eaglevalais.ch\/wp-content\/uploads\/2024\/03\/as350_3.webp","width":2000,"height":1010,"caption":"Un AS350B3 d'Eagle Valais sur le flanc d'une montagne avec des assistants au pied de l'appareil."},{"@type":"BreadcrumbList","@id":"https:\/\/eaglevalais.ch\/de\/ueber-uns\/karriere\/#breadcrumb","itemListElement":[{"@type":"ListItem","position":1,"name":"Accueil","item":"https:\/\/eaglevalais.ch\/de\/"},{"@type":"ListItem","position":2,"name":"\u00dcber uns","item":"https:\/\/eaglevalais.ch\/de\/ueber-uns\/"},{"@type":"ListItem","position":3,"name":"Karriere"}]},{"@type":"WebSite","@id":"https:\/\/eaglevalais.ch\/de\/#website","url":"https:\/\/eaglevalais.ch\/de\/","name":"Eagle Valais","description":"Les sp\u00e9cialistes du transport et du travail a\u00e9rien.","publisher":{"@id":"https:\/\/eaglevalais.ch\/de\/#organization"},"potentialAction":[{"@type":"SearchAction","target":{"@type":"EntryPoint","urlTemplate":"https:\/\/eaglevalais.ch\/de\/?s={search_term_string}"},"query-input":{"@type":"PropertyValueSpecification","valueRequired":true,"valueName":"search_term_string"}}],"inLanguage":"de"},{"@type":"Organization","@id":"https:\/\/eaglevalais.ch\/de\/#organization","name":"Eagle Valais","url":"https:\/\/eaglevalais.ch\/de\/","logo":{"@type":"ImageObject","inLanguage":"de","@id":"https:\/\/eaglevalais.ch\/de\/#\/schema\/logo\/image\/","url":"https:\/\/eaglevalais.ch\/wp-content\/uploads\/2024\/03\/cropped-cropped-eagle_logo_Valais-OFFICIAL_2017_173x93.png","contentUrl":"https:\/\/eaglevalais.ch\/wp-content\/uploads\/2024\/03\/cropped-cropped-eagle_logo_Valais-OFFICIAL_2017_173x93.png","width":718,"height":384,"caption":"Eagle Valais"},"image":{"@id":"https:\/\/eaglevalais.ch\/de\/#\/schema\/logo\/image\/"},"sameAs":["https:\/\/www.facebook.com\/profile.php?id=100058790670238","https:\/\/www.instagram.com\/eagle_valais\/"]}]}},"_links":{"self":[{"href":"https:\/\/eaglevalais.ch\/de\/wp-json\/wp\/v2\/pages\/6069","targetHints":{"allow":["GET"]}}],"collection":[{"href":"https:\/\/eaglevalais.ch\/de\/wp-json\/wp\/v2\/pages"}],"about":[{"href":"https:\/\/eaglevalais.ch\/de\/wp-json\/wp\/v2\/types\/page"}],"author":[{"embeddable":true,"href":"https:\/\/eaglevalais.ch\/de\/wp-json\/wp\/v2\/users\/2"}],"replies":[{"embeddable":true,"href":"https:\/\/eaglevalais.ch\/de\/wp-json\/wp\/v2\/comments?post=6069"}],"version-history":[{"count":7,"href":"https:\/\/eaglevalais.ch\/de\/wp-json\/wp\/v2\/pages\/6069\/revisions"}],"predecessor-version":[{"id":6333,"href":"https:\/\/eaglevalais.ch\/de\/wp-json\/wp\/v2\/pages\/6069\/revisions\/6333"}],"up":[{"embeddable":true,"href":"https:\/\/eaglevalais.ch\/de\/wp-json\/wp\/v2\/pages\/6065"}],"wp:featuredmedia":[{"embeddable":true,"href":"https:\/\/eaglevalais.ch\/de\/wp-json\/wp\/v2\/media\/4992"}],"wp:attachment":[{"href":"https:\/\/eaglevalais.ch\/de\/wp-json\/wp\/v2\/media?parent=6069"}],"curies":[{"name":"wp","href":"https:\/\/api.w.org\/{rel}","templated":true}]}}