{"id":6056,"date":"2024-02-26T10:13:57","date_gmt":"2024-02-26T09:13:57","guid":{"rendered":"https:\/\/eaglevalais.ch\/unsere-geschichte\/"},"modified":"2025-06-27T15:51:57","modified_gmt":"2025-06-27T13:51:57","slug":"unsere-geschichte","status":"publish","type":"page","link":"https:\/\/eaglevalais.ch\/de\/ueber-uns\/unsere-geschichte\/","title":{"rendered":"Unsere Geschichte"},"content":{"rendered":"\t\t<div data-elementor-type=\"wp-page\" data-elementor-id=\"6056\" class=\"elementor elementor-6056 elementor-834\">\n\t\t\t\t<div class=\"elementor-element elementor-element-51d2553 e-con-full e-flex e-con e-parent\" data-id=\"51d2553\" data-element_type=\"container\" data-e-type=\"container\">\n\t\t<div class=\"elementor-element elementor-element-3ac1037 e-con-full e-flex e-con e-child\" data-id=\"3ac1037\" data-element_type=\"container\" data-e-type=\"container\">\n\t\t<div class=\"elementor-element elementor-element-156904f e-con-full e-flex e-con e-child\" data-id=\"156904f\" data-element_type=\"container\" data-e-type=\"container\" data-settings=\"{&quot;background_background&quot;:&quot;slideshow&quot;,&quot;background_slideshow_gallery&quot;:[{&quot;id&quot;:2282,&quot;url&quot;:&quot;https:\\\/\\\/new.eaglevalais.ch\\\/wp-content\\\/uploads\\\/2024\\\/03\\\/eagle-e.jpg&quot;}],&quot;background_slideshow_slide_duration&quot;:5000,&quot;background_slideshow_slide_transition&quot;:&quot;fade&quot;,&quot;background_slideshow_transition_duration&quot;:500}\">\n\t\t\t\t<div class=\"elementor-element elementor-element-7e77f4a elementor-widget elementor-widget-spacer\" data-id=\"7e77f4a\" data-element_type=\"widget\" data-e-type=\"widget\" data-widget_type=\"spacer.default\">\n\t\t\t\t<div class=\"elementor-widget-container\">\n\t\t\t\t\t\t\t<div class=\"elementor-spacer\">\n\t\t\t<div class=\"elementor-spacer-inner\"><\/div>\n\t\t<\/div>\n\t\t\t\t\t\t<\/div>\n\t\t\t\t<\/div>\n\t\t\t\t<div class=\"elementor-element elementor-element-d0afcb7 elementor-widget__width-auto elementor-invisible elementor-widget elementor-widget-heading\" data-id=\"d0afcb7\" data-element_type=\"widget\" data-e-type=\"widget\" data-settings=\"{&quot;_animation&quot;:&quot;fadeIn&quot;}\" data-widget_type=\"heading.default\">\n\t\t\t\t<div class=\"elementor-widget-container\">\n\t\t\t\t\t<h1 class=\"elementor-heading-title elementor-size-default\">Unsere Geschichte<\/h1>\t\t\t\t<\/div>\n\t\t\t\t<\/div>\n\t\t\t\t<\/div>\n\t\t\t\t<\/div>\n\t\t\t\t<\/div>\n\t\t<div class=\"elementor-element elementor-element-457002e e-flex e-con-boxed e-con e-parent\" data-id=\"457002e\" data-element_type=\"container\" data-e-type=\"container\">\n\t\t\t\t\t<div class=\"e-con-inner\">\n\t\t\t\t<div class=\"elementor-element elementor-element-41513bc elementor-widget elementor-widget-heading\" data-id=\"41513bc\" data-element_type=\"widget\" data-e-type=\"widget\" data-widget_type=\"heading.default\">\n\t\t\t\t<div class=\"elementor-widget-container\">\n\t\t\t\t\t<h2 class=\"elementor-heading-title elementor-size-default\">Eagle Valais<\/h2>\t\t\t\t<\/div>\n\t\t\t\t<\/div>\n\t\t\t\t<div class=\"elementor-element elementor-element-749beee elementor-widget-divider--view-line elementor-widget elementor-widget-divider\" data-id=\"749beee\" data-element_type=\"widget\" data-e-type=\"widget\" data-widget_type=\"divider.default\">\n\t\t\t\t<div class=\"elementor-widget-container\">\n\t\t\t\t\t\t\t<div class=\"elementor-divider\">\n\t\t\t<span class=\"elementor-divider-separator\">\n\t\t\t\t\t\t<\/span>\n\t\t<\/div>\n\t\t\t\t\t\t<\/div>\n\t\t\t\t<\/div>\n\t\t<div class=\"elementor-element elementor-element-7717e08 e-flex e-con-boxed e-con e-child\" data-id=\"7717e08\" data-element_type=\"container\" data-e-type=\"container\">\n\t\t\t\t\t<div class=\"e-con-inner\">\n\t\t\t\t<div class=\"elementor-element elementor-element-7942e6f elementor-widget elementor-widget-text-editor\" data-id=\"7942e6f\" data-element_type=\"widget\" data-e-type=\"widget\" data-widget_type=\"text-editor.default\">\n\t\t\t\t<div class=\"elementor-widget-container\">\n\t\t\t\t\t\t\t\t\t<p>Die Geschichte von <b>Eagle Valais<\/b> ist viel mehr als ein gew\u00f6hnliches Hubschrauber-Transportunternehmen.<\/p><p>Wir sind Ihr <b>privilegierter Partner f\u00fcr au\u00dfergew\u00f6hnliche Flugdienstleistungen<\/b> im Herzen der Schweizer Alpen, genauer gesagt in <b>Sion<\/b> im Wallis. Als Spezialist f\u00fcr <a style=\"text-align: var(--text-align); background-color: #ffffff;\" href=\"https:\/\/eaglevalais.ch\/de\/arbeiten-aus-der-luft\/\">Lufttransporte<\/a><span style=\"text-align: var(--text-align);\"> und <\/span><a href=\"https:\/\/eaglevalais.ch\/de\/panoramafluege\/\">Personentransporte<\/a><span style=\"text-align: var(--text-align);\"> in den Alpen bieten wir Ihnen <\/span><b style=\"text-align: var(--text-align);\">ma\u00dfgeschneiderte L\u00f6sungen<\/b><span style=\"text-align: var(--text-align);\">f\u00fcr Ihre anspruchsvollsten Anforderungen.<\/span><\/p><p>Mit einem Team von etwa zwanzig engagierten Mitarbeitern, darunter einige der <b>erfahrensten Crews der Branche,<\/b> zeichnet sich Eagle Valais <b>in sehr spezifischen und strengen <\/b>T\u00e4tigkeitsbereichen aus. Unser Engagement f\u00fcr tadellose Qualit\u00e4t, Reaktionsschnelligkeit und Anpassungsf\u00e4higkeit an Ihre Anforderungen machen uns zur ersten Wahl f\u00fcr Ihre Luftbildprojekte.<\/p><p>Als Partner der <a href=\"https:\/\/www.hbg-helicopteres.aero\/\">HBG group<\/a> und von <a href=\"https:\/\/swiftcopters.ch\/\">Swiftcopters<\/a> profitiert Eagle Valais von einem <b>umfassenden Know-how<\/b>, das unsere Position auf dem Markt st\u00e4rkt. Dank dieser Partnerschaft profitieren wir von den <b>Ressourcen<\/b>, der <b>Unterst\u00fctzung<\/b> und der <b>Solidit\u00e4t<\/b> einer <b>anerkannten internationalen <\/b><b>Struktur, die<\/b> unseren Kunden bei jedem Einsatz eine sichere, professionelle und effiziente Erfahrung garantiert.<\/p>\t\t\t\t\t\t\t\t<\/div>\n\t\t\t\t<\/div>\n\t\t\t\t<div class=\"elementor-element elementor-element-55448ab elementor-widget elementor-widget-spacer\" data-id=\"55448ab\" data-element_type=\"widget\" data-e-type=\"widget\" data-widget_type=\"spacer.default\">\n\t\t\t\t<div class=\"elementor-widget-container\">\n\t\t\t\t\t\t\t<div class=\"elementor-spacer\">\n\t\t\t<div class=\"elementor-spacer-inner\"><\/div>\n\t\t<\/div>\n\t\t\t\t\t\t<\/div>\n\t\t\t\t<\/div>\n\t\t\t\t\t<\/div>\n\t\t\t\t<\/div>\n\t\t\t\t\t<\/div>\n\t\t\t\t<\/div>\n\t\t<div class=\"elementor-element elementor-element-bd58e34 e-flex e-con-boxed e-con e-parent\" data-id=\"bd58e34\" data-element_type=\"container\" data-e-type=\"container\">\n\t\t\t\t\t<div class=\"e-con-inner\">\n\t\t<div class=\"elementor-element elementor-element-c506f86 e-con-full e-flex e-con e-child\" data-id=\"c506f86\" data-element_type=\"container\" data-e-type=\"container\">\n\t\t<div class=\"elementor-element elementor-element-caee316 e-con-full e-flex e-con e-child\" data-id=\"caee316\" data-element_type=\"container\" data-e-type=\"container\">\n\t\t\t\t<div class=\"elementor-element elementor-element-802cd31 elementor-widget elementor-widget-image\" data-id=\"802cd31\" data-element_type=\"widget\" data-e-type=\"widget\" data-widget_type=\"image.default\">\n\t\t\t\t<div class=\"elementor-widget-container\">\n\t\t\t\t\t\t\t\t\t\t\t\t\t\t\t<img decoding=\"async\" src=\"https:\/\/eaglevalais.ch\/wp-content\/uploads\/2024\/03\/Eagle_helico_3.webp\" title=\"Eagle_helico_3\" alt=\"L&#039;AS350B3 d&#039;Eagle Valais entrain de d\u00e9coller avec pour pilote un homme.\" loading=\"lazy\" \/>\t\t\t\t\t\t\t\t\t\t\t\t\t\t\t<\/div>\n\t\t\t\t<\/div>\n\t\t\t\t<\/div>\n\t\t<div class=\"elementor-element elementor-element-5684183 e-con-full e-flex e-con e-child\" data-id=\"5684183\" data-element_type=\"container\" data-e-type=\"container\">\n\t\t\t\t<div class=\"elementor-element elementor-element-da27715 elementor-widget elementor-widget-image\" data-id=\"da27715\" data-element_type=\"widget\" data-e-type=\"widget\" data-widget_type=\"image.default\">\n\t\t\t\t<div class=\"elementor-widget-container\">\n\t\t\t\t\t\t\t\t\t\t\t\t\t\t\t<img decoding=\"async\" src=\"https:\/\/eaglevalais.ch\/wp-content\/uploads\/2024\/05\/helico_vol-scaled.webp\" title=\"helico_vol\" alt=\"helico_vol\" loading=\"lazy\" \/>\t\t\t\t\t\t\t\t\t\t\t\t\t\t\t<\/div>\n\t\t\t\t<\/div>\n\t\t\t\t<\/div>\n\t\t\t\t<\/div>\n\t\t\t\t\t<\/div>\n\t\t\t\t<\/div>\n\t\t\t\t<\/div>\n\t\t","protected":false},"excerpt":{"rendered":"<p>Unsere Geschichte Eagle Valais Die Geschichte von Eagle Valais ist viel mehr als ein gew\u00f6hnliches Hubschrauber-Transportunternehmen. Wir sind Ihr privilegierter Partner f\u00fcr au\u00dfergew\u00f6hnliche Flugdienstleistungen im Herzen der Schweizer Alpen, genauer gesagt in Sion im Wallis. Als Spezialist f\u00fcr Lufttransporte und Personentransporte in den Alpen bieten wir Ihnen ma\u00dfgeschneiderte L\u00f6sungenf\u00fcr Ihre anspruchsvollsten Anforderungen. Mit einem Team [&hellip;]<\/p>\n","protected":false},"author":2,"featured_media":4968,"parent":6065,"menu_order":0,"comment_status":"closed","ping_status":"closed","template":"elementor_header_footer","meta":{"footnotes":""},"class_list":["post-6056","page","type-page","status-publish","has-post-thumbnail","hentry"],"yoast_head":"<!-- This site is optimized with the Yoast SEO plugin v26.8 - https:\/\/yoast.com\/product\/yoast-seo-wordpress\/ -->\n<title>Unsere Geschichte | Eagle Valais<\/title>\n<meta name=\"description\" content=\"Unsere Geschichte ist die von Eagle Valais, einem Hubschrauber-Transportunternehmen mit Sitz in Sion, im Herzen der Schweizer Alpen.\" \/>\n<meta name=\"robots\" content=\"index, follow, max-snippet:-1, max-image-preview:large, max-video-preview:-1\" \/>\n<link rel=\"canonical\" href=\"https:\/\/eaglevalais.ch\/de\/ueber-uns\/unsere-geschichte\/\" \/>\n<meta property=\"og:locale\" content=\"de_DE\" \/>\n<meta property=\"og:type\" content=\"article\" \/>\n<meta property=\"og:title\" content=\"Unsere Geschichte | Eagle Valais\" \/>\n<meta property=\"og:description\" content=\"Unsere Geschichte ist die von Eagle Valais, einem Hubschrauber-Transportunternehmen mit Sitz in Sion, im Herzen der Schweizer Alpen.\" \/>\n<meta property=\"og:url\" content=\"https:\/\/eaglevalais.ch\/de\/ueber-uns\/unsere-geschichte\/\" \/>\n<meta property=\"og:site_name\" content=\"Eagle Valais\" \/>\n<meta property=\"article:publisher\" content=\"https:\/\/www.facebook.com\/profile.php?id=100058790670238\" \/>\n<meta property=\"article:modified_time\" content=\"2025-06-27T13:51:57+00:00\" \/>\n<meta property=\"og:image\" content=\"https:\/\/eaglevalais.ch\/wp-content\/uploads\/2024\/03\/eagle-e.jpg\" \/>\n\t<meta property=\"og:image:width\" content=\"2000\" \/>\n\t<meta property=\"og:image:height\" content=\"1023\" \/>\n\t<meta property=\"og:image:type\" content=\"image\/jpeg\" \/>\n<meta name=\"twitter:card\" content=\"summary_large_image\" \/>\n<meta name=\"twitter:label1\" content=\"Gesch\u00e4tzte Lesezeit\" \/>\n\t<meta name=\"twitter:data1\" content=\"2\u00a0Minuten\" \/>\n<script type=\"application\/ld+json\" class=\"yoast-schema-graph\">{\"@context\":\"https:\/\/schema.org\",\"@graph\":[{\"@type\":\"WebPage\",\"@id\":\"https:\/\/eaglevalais.ch\/de\/ueber-uns\/unsere-geschichte\/\",\"url\":\"https:\/\/eaglevalais.ch\/de\/ueber-uns\/unsere-geschichte\/\",\"name\":\"Unsere Geschichte | Eagle Valais\",\"isPartOf\":{\"@id\":\"https:\/\/eaglevalais.ch\/de\/#website\"},\"primaryImageOfPage\":{\"@id\":\"https:\/\/eaglevalais.ch\/de\/ueber-uns\/unsere-geschichte\/#primaryimage\"},\"image\":{\"@id\":\"https:\/\/eaglevalais.ch\/de\/ueber-uns\/unsere-geschichte\/#primaryimage\"},\"thumbnailUrl\":\"https:\/\/eaglevalais.ch\/wp-content\/uploads\/2024\/03\/eagle-e.jpg\",\"datePublished\":\"2024-02-26T09:13:57+00:00\",\"dateModified\":\"2025-06-27T13:51:57+00:00\",\"description\":\"Unsere Geschichte ist die von Eagle Valais, einem Hubschrauber-Transportunternehmen mit Sitz in Sion, im Herzen der Schweizer Alpen.\",\"breadcrumb\":{\"@id\":\"https:\/\/eaglevalais.ch\/de\/ueber-uns\/unsere-geschichte\/#breadcrumb\"},\"inLanguage\":\"de\",\"potentialAction\":[{\"@type\":\"ReadAction\",\"target\":[\"https:\/\/eaglevalais.ch\/de\/ueber-uns\/unsere-geschichte\/\"]}]},{\"@type\":\"ImageObject\",\"inLanguage\":\"de\",\"@id\":\"https:\/\/eaglevalais.ch\/de\/ueber-uns\/unsere-geschichte\/#primaryimage\",\"url\":\"https:\/\/eaglevalais.ch\/wp-content\/uploads\/2024\/03\/eagle-e.jpg\",\"contentUrl\":\"https:\/\/eaglevalais.ch\/wp-content\/uploads\/2024\/03\/eagle-e.jpg\",\"width\":2000,\"height\":1023,\"caption\":\"Logo d'Eagle Valais sur un AS350B3 de pr\u00e8s.\"},{\"@type\":\"BreadcrumbList\",\"@id\":\"https:\/\/eaglevalais.ch\/de\/ueber-uns\/unsere-geschichte\/#breadcrumb\",\"itemListElement\":[{\"@type\":\"ListItem\",\"position\":1,\"name\":\"Accueil\",\"item\":\"https:\/\/eaglevalais.ch\/de\/\"},{\"@type\":\"ListItem\",\"position\":2,\"name\":\"\u00dcber uns\",\"item\":\"https:\/\/eaglevalais.ch\/de\/ueber-uns\/\"},{\"@type\":\"ListItem\",\"position\":3,\"name\":\"Unsere Geschichte\"}]},{\"@type\":\"WebSite\",\"@id\":\"https:\/\/eaglevalais.ch\/de\/#website\",\"url\":\"https:\/\/eaglevalais.ch\/de\/\",\"name\":\"Eagle Valais\",\"description\":\"Les sp\u00e9cialistes du transport et du travail a\u00e9rien.\",\"publisher\":{\"@id\":\"https:\/\/eaglevalais.ch\/de\/#organization\"},\"potentialAction\":[{\"@type\":\"SearchAction\",\"target\":{\"@type\":\"EntryPoint\",\"urlTemplate\":\"https:\/\/eaglevalais.ch\/de\/?s={search_term_string}\"},\"query-input\":{\"@type\":\"PropertyValueSpecification\",\"valueRequired\":true,\"valueName\":\"search_term_string\"}}],\"inLanguage\":\"de\"},{\"@type\":\"Organization\",\"@id\":\"https:\/\/eaglevalais.ch\/de\/#organization\",\"name\":\"Eagle Valais\",\"url\":\"https:\/\/eaglevalais.ch\/de\/\",\"logo\":{\"@type\":\"ImageObject\",\"inLanguage\":\"de\",\"@id\":\"https:\/\/eaglevalais.ch\/de\/#\/schema\/logo\/image\/\",\"url\":\"https:\/\/eaglevalais.ch\/wp-content\/uploads\/2024\/03\/cropped-cropped-eagle_logo_Valais-OFFICIAL_2017_173x93.png\",\"contentUrl\":\"https:\/\/eaglevalais.ch\/wp-content\/uploads\/2024\/03\/cropped-cropped-eagle_logo_Valais-OFFICIAL_2017_173x93.png\",\"width\":718,\"height\":384,\"caption\":\"Eagle Valais\"},\"image\":{\"@id\":\"https:\/\/eaglevalais.ch\/de\/#\/schema\/logo\/image\/\"},\"sameAs\":[\"https:\/\/www.facebook.com\/profile.php?id=100058790670238\",\"https:\/\/www.instagram.com\/eagle_valais\/\"]}]}<\/script>\n<!-- \/ Yoast SEO plugin. -->","yoast_head_json":{"title":"Unsere Geschichte | Eagle Valais","description":"Unsere Geschichte ist die von Eagle Valais, einem Hubschrauber-Transportunternehmen mit Sitz in Sion, im Herzen der Schweizer Alpen.","robots":{"index":"index","follow":"follow","max-snippet":"max-snippet:-1","max-image-preview":"max-image-preview:large","max-video-preview":"max-video-preview:-1"},"canonical":"https:\/\/eaglevalais.ch\/de\/ueber-uns\/unsere-geschichte\/","og_locale":"de_DE","og_type":"article","og_title":"Unsere Geschichte | Eagle Valais","og_description":"Unsere Geschichte ist die von Eagle Valais, einem Hubschrauber-Transportunternehmen mit Sitz in Sion, im Herzen der Schweizer Alpen.","og_url":"https:\/\/eaglevalais.ch\/de\/ueber-uns\/unsere-geschichte\/","og_site_name":"Eagle Valais","article_publisher":"https:\/\/www.facebook.com\/profile.php?id=100058790670238","article_modified_time":"2025-06-27T13:51:57+00:00","og_image":[{"width":2000,"height":1023,"url":"https:\/\/eaglevalais.ch\/wp-content\/uploads\/2024\/03\/eagle-e.jpg","type":"image\/jpeg"}],"twitter_card":"summary_large_image","twitter_misc":{"Gesch\u00e4tzte Lesezeit":"2\u00a0Minuten"},"schema":{"@context":"https:\/\/schema.org","@graph":[{"@type":"WebPage","@id":"https:\/\/eaglevalais.ch\/de\/ueber-uns\/unsere-geschichte\/","url":"https:\/\/eaglevalais.ch\/de\/ueber-uns\/unsere-geschichte\/","name":"Unsere Geschichte | Eagle Valais","isPartOf":{"@id":"https:\/\/eaglevalais.ch\/de\/#website"},"primaryImageOfPage":{"@id":"https:\/\/eaglevalais.ch\/de\/ueber-uns\/unsere-geschichte\/#primaryimage"},"image":{"@id":"https:\/\/eaglevalais.ch\/de\/ueber-uns\/unsere-geschichte\/#primaryimage"},"thumbnailUrl":"https:\/\/eaglevalais.ch\/wp-content\/uploads\/2024\/03\/eagle-e.jpg","datePublished":"2024-02-26T09:13:57+00:00","dateModified":"2025-06-27T13:51:57+00:00","description":"Unsere Geschichte ist die von Eagle Valais, einem Hubschrauber-Transportunternehmen mit Sitz in Sion, im Herzen der Schweizer Alpen.","breadcrumb":{"@id":"https:\/\/eaglevalais.ch\/de\/ueber-uns\/unsere-geschichte\/#breadcrumb"},"inLanguage":"de","potentialAction":[{"@type":"ReadAction","target":["https:\/\/eaglevalais.ch\/de\/ueber-uns\/unsere-geschichte\/"]}]},{"@type":"ImageObject","inLanguage":"de","@id":"https:\/\/eaglevalais.ch\/de\/ueber-uns\/unsere-geschichte\/#primaryimage","url":"https:\/\/eaglevalais.ch\/wp-content\/uploads\/2024\/03\/eagle-e.jpg","contentUrl":"https:\/\/eaglevalais.ch\/wp-content\/uploads\/2024\/03\/eagle-e.jpg","width":2000,"height":1023,"caption":"Logo d'Eagle Valais sur un AS350B3 de pr\u00e8s."},{"@type":"BreadcrumbList","@id":"https:\/\/eaglevalais.ch\/de\/ueber-uns\/unsere-geschichte\/#breadcrumb","itemListElement":[{"@type":"ListItem","position":1,"name":"Accueil","item":"https:\/\/eaglevalais.ch\/de\/"},{"@type":"ListItem","position":2,"name":"\u00dcber uns","item":"https:\/\/eaglevalais.ch\/de\/ueber-uns\/"},{"@type":"ListItem","position":3,"name":"Unsere Geschichte"}]},{"@type":"WebSite","@id":"https:\/\/eaglevalais.ch\/de\/#website","url":"https:\/\/eaglevalais.ch\/de\/","name":"Eagle Valais","description":"Les sp\u00e9cialistes du transport et du travail a\u00e9rien.","publisher":{"@id":"https:\/\/eaglevalais.ch\/de\/#organization"},"potentialAction":[{"@type":"SearchAction","target":{"@type":"EntryPoint","urlTemplate":"https:\/\/eaglevalais.ch\/de\/?s={search_term_string}"},"query-input":{"@type":"PropertyValueSpecification","valueRequired":true,"valueName":"search_term_string"}}],"inLanguage":"de"},{"@type":"Organization","@id":"https:\/\/eaglevalais.ch\/de\/#organization","name":"Eagle Valais","url":"https:\/\/eaglevalais.ch\/de\/","logo":{"@type":"ImageObject","inLanguage":"de","@id":"https:\/\/eaglevalais.ch\/de\/#\/schema\/logo\/image\/","url":"https:\/\/eaglevalais.ch\/wp-content\/uploads\/2024\/03\/cropped-cropped-eagle_logo_Valais-OFFICIAL_2017_173x93.png","contentUrl":"https:\/\/eaglevalais.ch\/wp-content\/uploads\/2024\/03\/cropped-cropped-eagle_logo_Valais-OFFICIAL_2017_173x93.png","width":718,"height":384,"caption":"Eagle Valais"},"image":{"@id":"https:\/\/eaglevalais.ch\/de\/#\/schema\/logo\/image\/"},"sameAs":["https:\/\/www.facebook.com\/profile.php?id=100058790670238","https:\/\/www.instagram.com\/eagle_valais\/"]}]}},"_links":{"self":[{"href":"https:\/\/eaglevalais.ch\/de\/wp-json\/wp\/v2\/pages\/6056","targetHints":{"allow":["GET"]}}],"collection":[{"href":"https:\/\/eaglevalais.ch\/de\/wp-json\/wp\/v2\/pages"}],"about":[{"href":"https:\/\/eaglevalais.ch\/de\/wp-json\/wp\/v2\/types\/page"}],"author":[{"embeddable":true,"href":"https:\/\/eaglevalais.ch\/de\/wp-json\/wp\/v2\/users\/2"}],"replies":[{"embeddable":true,"href":"https:\/\/eaglevalais.ch\/de\/wp-json\/wp\/v2\/comments?post=6056"}],"version-history":[{"count":7,"href":"https:\/\/eaglevalais.ch\/de\/wp-json\/wp\/v2\/pages\/6056\/revisions"}],"predecessor-version":[{"id":6324,"href":"https:\/\/eaglevalais.ch\/de\/wp-json\/wp\/v2\/pages\/6056\/revisions\/6324"}],"up":[{"embeddable":true,"href":"https:\/\/eaglevalais.ch\/de\/wp-json\/wp\/v2\/pages\/6065"}],"wp:featuredmedia":[{"embeddable":true,"href":"https:\/\/eaglevalais.ch\/de\/wp-json\/wp\/v2\/media\/4968"}],"wp:attachment":[{"href":"https:\/\/eaglevalais.ch\/de\/wp-json\/wp\/v2\/media?parent=6056"}],"curies":[{"name":"wp","href":"https:\/\/api.w.org\/{rel}","templated":true}]}}